{"id":429,"date":"2023-03-11T22:31:39","date_gmt":"2023-03-12T01:31:39","guid":{"rendered":"https:\/\/triplexvermelho.praxis.pro.br\/?page_id=429"},"modified":"2023-03-12T10:51:38","modified_gmt":"2023-03-12T13:51:38","slug":"sala-auta-trindade","status":"publish","type":"page","link":"https:\/\/triplexvermelho.praxis.pro.br\/index.php\/sala-auta-trindade\/","title":{"rendered":"Sala &#8220;Auta Trindade&#8221;"},"content":{"rendered":"<div id=\"attachment_430\" style=\"width: 221px\" class=\"wp-caption aligncenter\"><img loading=\"lazy\" decoding=\"async\" aria-describedby=\"caption-attachment-430\" class=\"wp-image-430 size-full\" src=\"https:\/\/triplexvermelho.praxis.pro.br\/wp-content\/uploads\/2023\/03\/Auta-Trindade.jpg\" alt=\"\" width=\"211\" height=\"239\" \/><p id=\"caption-attachment-430\" class=\"wp-caption-text\">Auta Trindade<\/p><\/div>\n<p>Auta Fernandes Trindade (1936, Afu\u00e1-AP \u2013 Vit\u00f3ria, 2020) saiu da casa de seus pais com 15 anos para desenvolver um trabalho de apoio \u00e0s fam\u00edlias carentes e necessitadas atrav\u00e9s da JOC &#8211; Juventude Oper\u00e1ria Crist\u00e3. Por muitos anos contribuiu para uma sociedade melhor. Feminista, acreditava na for\u00e7a da mulher e insistia que lugar de mulher \u00e9 onde ela quiser. Ela ajudou mulheres que viviam agredidas e maltratadas em seus casamentos, sempre acreditando que o mundo seria melhor e mais igual quando oper\u00e1rios e homens comuns e simples governassem o nosso pa\u00eds. Na \u00e9poca da ditadura, foi presa e exilada, mas nunca desistiu do seu sonho e da sua vontade de ter um Brasil mais igualit\u00e1rio, onde todos tivessem seus direitos respeitados e cumprissem com seus deveres. De volta ao Brasil, continuou o seu trabalho social e pol\u00edtico, atuando por 35 anos como assistente social na FASE (Federa\u00e7\u00e3o de Assist\u00eancia Social), levando para todo o Esp\u00edrito Santo, o Brasil e outros pa\u00edses da Am\u00e9rica Latina, seus conhecimentos de economia dom\u00e9stica, controle de natalidade, sa\u00fade p\u00fablica, direitos e deveres dos cidad\u00e3os. Na regional capixaba, atuou na forma\u00e7\u00e3o e organiza\u00e7\u00e3o de v\u00e1rias lideran\u00e7as sindicais, entre metal\u00fargicos, banc\u00e1rios e trabalhadores da constru\u00e7\u00e3o civil, nos anos 1980. Auta nunca casou, nem teve filhos, mas criou v\u00e1rios filhos de outras pessoas, para os quais deu um lar, alimento, educa\u00e7\u00e3o e, principalmente, forma\u00e7\u00e3o do car\u00e1ter. Faleceu em Vit\u00f3ria, v\u00edtima do Covid-19, aos 84 anos.<\/p>\n","protected":false},"excerpt":{"rendered":"<p>Auta Fernandes Trindade (1936, Afu\u00e1-AP \u2013 Vit\u00f3ria, 2020) saiu da casa de seus pais com 15 anos para desenvolver um trabalho de apoio \u00e0s fam\u00edlias carentes e necessitadas atrav\u00e9s da JOC &#8211; Juventude Oper\u00e1ria Crist\u00e3. Por muitos anos contribuiu para uma sociedade melhor. Feminista, acreditava na for\u00e7a da mulher e insistia que lugar de mulher <a class=\"more-link\" href=\"https:\/\/triplexvermelho.praxis.pro.br\/index.php\/sala-auta-trindade\/\">Leia mais&#8230; &raquo;<\/a><\/p>\n","protected":false},"author":1,"featured_media":0,"parent":0,"menu_order":0,"comment_status":"closed","ping_status":"closed","template":"","meta":{"footnotes":""},"class_list":["post-429","page","type-page","status-publish","hentry"],"_links":{"self":[{"href":"https:\/\/triplexvermelho.praxis.pro.br\/index.php\/wp-json\/wp\/v2\/pages\/429","targetHints":{"allow":["GET"]}}],"collection":[{"href":"https:\/\/triplexvermelho.praxis.pro.br\/index.php\/wp-json\/wp\/v2\/pages"}],"about":[{"href":"https:\/\/triplexvermelho.praxis.pro.br\/index.php\/wp-json\/wp\/v2\/types\/page"}],"author":[{"embeddable":true,"href":"https:\/\/triplexvermelho.praxis.pro.br\/index.php\/wp-json\/wp\/v2\/users\/1"}],"replies":[{"embeddable":true,"href":"https:\/\/triplexvermelho.praxis.pro.br\/index.php\/wp-json\/wp\/v2\/comments?post=429"}],"version-history":[{"count":4,"href":"https:\/\/triplexvermelho.praxis.pro.br\/index.php\/wp-json\/wp\/v2\/pages\/429\/revisions"}],"predecessor-version":[{"id":476,"href":"https:\/\/triplexvermelho.praxis.pro.br\/index.php\/wp-json\/wp\/v2\/pages\/429\/revisions\/476"}],"wp:attachment":[{"href":"https:\/\/triplexvermelho.praxis.pro.br\/index.php\/wp-json\/wp\/v2\/media?parent=429"}],"curies":[{"name":"wp","href":"https:\/\/api.w.org\/{rel}","templated":true}]}}