{"id":423,"date":"2023-03-11T22:29:39","date_gmt":"2023-03-12T01:29:39","guid":{"rendered":"https:\/\/triplexvermelho.praxis.pro.br\/?page_id=423"},"modified":"2023-03-12T10:48:46","modified_gmt":"2023-03-12T13:48:46","slug":"sala-zacimba-gaba","status":"publish","type":"page","link":"https:\/\/triplexvermelho.praxis.pro.br\/index.php\/sala-zacimba-gaba\/","title":{"rendered":"Sala &#8220;Zacimba Gaba&#8221;"},"content":{"rendered":"<div id=\"attachment_424\" style=\"width: 235px\" class=\"wp-caption aligncenter\"><img loading=\"lazy\" decoding=\"async\" aria-describedby=\"caption-attachment-424\" class=\"wp-image-424 size-full\" src=\"https:\/\/triplexvermelho.praxis.pro.br\/wp-content\/uploads\/2023\/03\/Zacimba-Gaba.jpg\" alt=\"\" width=\"225\" height=\"224\" srcset=\"https:\/\/triplexvermelho.praxis.pro.br\/wp-content\/uploads\/2023\/03\/Zacimba-Gaba.jpg 225w, https:\/\/triplexvermelho.praxis.pro.br\/wp-content\/uploads\/2023\/03\/Zacimba-Gaba-150x150.jpg 150w, https:\/\/triplexvermelho.praxis.pro.br\/wp-content\/uploads\/2023\/03\/Zacimba-Gaba-200x200.jpg 200w, https:\/\/triplexvermelho.praxis.pro.br\/wp-content\/uploads\/2023\/03\/Zacimba-Gaba-100x100.jpg 100w, https:\/\/triplexvermelho.praxis.pro.br\/wp-content\/uploads\/2023\/03\/Zacimba-Gaba-40x40.jpg 40w\" sizes=\"auto, (max-width: 225px) 100vw, 225px\" \/><p id=\"caption-attachment-424\" class=\"wp-caption-text\">Zacimba Gaba<\/p><\/div>\n<p>Zacimba Gaba (Cabinda, s\u00e9c. XVII) foi uma princesa da na\u00e7\u00e3o Cabinda, em Angola, que foi levada escravizada da \u00c1frica para o Brasil em 1690, precisamente \u00e0 Fazenda Jos\u00e9 Trancoso, no Esp\u00edrito Santo. Zacimba sofreu uma s\u00e9rie de castigos e viol\u00eancias por parte do dono da fazenda, envenenou-o com o chamado \u201cp\u00f3 de amansar sinh\u00f4\u201d e liderou a fuga e a funda\u00e7\u00e3o de um quilombo \u00e0s margens do Riacho Doce. Dedicou boa parte do seu tempo \u00e0 constru\u00e7\u00e3o de canoas e \u00e0 organiza\u00e7\u00e3o de ataques noturnos no porto pr\u00f3ximo \u00e0 aldeia de S\u00e3o Mateus, libertando os negros rec\u00e9m-chegados.<\/p>\n<p>Zacimba, princesa guerreira da na\u00e7\u00e3o Cabinda, foi sequestrada junto ao povo para o Porto da Aldeia de S\u00e3o Mateus, no Norte do Esp\u00edrito Santo, por volta de 1690. Ao chegar l\u00e1 ela foi vendida como escrava para o fazendeiro portugu\u00eas Jos\u00e9 Trancoso. Ela foi torturada e estuprada at\u00e9 revelar que fazia parte da realeza em sua terra de origem. Contudo, ela proibiu seus companheiros escravizados de a libertarem at\u00e9 que ela conseguisse envenenar seus torturadores aos poucos. Depois que conseguiu fugir, ela criou seu pr\u00f3prio quilombo.<\/p>\n<p>Esse quilombo liderado por ela foi formado \u00e0s margens do Riacho Doce, nas proximidades do que \u00e9 hoje o povoado da Vila de Ita\u00fanas. Foi o primeiro quilombo de que se tem not\u00edcias, na regi\u00e3o do Sap\u00ea do Norte, onde ainda hoje existem diversas comunidades de remanescentes quilombolas, que lutam pela posse definitiva de suas terras.<\/p>\n","protected":false},"excerpt":{"rendered":"<p>Zacimba Gaba (Cabinda, s\u00e9c. XVII) foi uma princesa da na\u00e7\u00e3o Cabinda, em Angola, que foi levada escravizada da \u00c1frica para o Brasil em 1690, precisamente \u00e0 Fazenda Jos\u00e9 Trancoso, no Esp\u00edrito Santo. Zacimba sofreu uma s\u00e9rie de castigos e viol\u00eancias por parte do dono da fazenda, envenenou-o com o chamado \u201cp\u00f3 de amansar sinh\u00f4\u201d e <a class=\"more-link\" href=\"https:\/\/triplexvermelho.praxis.pro.br\/index.php\/sala-zacimba-gaba\/\">Leia mais&#8230; &raquo;<\/a><\/p>\n","protected":false},"author":1,"featured_media":0,"parent":0,"menu_order":0,"comment_status":"closed","ping_status":"closed","template":"","meta":{"footnotes":""},"class_list":["post-423","page","type-page","status-publish","hentry"],"_links":{"self":[{"href":"https:\/\/triplexvermelho.praxis.pro.br\/index.php\/wp-json\/wp\/v2\/pages\/423","targetHints":{"allow":["GET"]}}],"collection":[{"href":"https:\/\/triplexvermelho.praxis.pro.br\/index.php\/wp-json\/wp\/v2\/pages"}],"about":[{"href":"https:\/\/triplexvermelho.praxis.pro.br\/index.php\/wp-json\/wp\/v2\/types\/page"}],"author":[{"embeddable":true,"href":"https:\/\/triplexvermelho.praxis.pro.br\/index.php\/wp-json\/wp\/v2\/users\/1"}],"replies":[{"embeddable":true,"href":"https:\/\/triplexvermelho.praxis.pro.br\/index.php\/wp-json\/wp\/v2\/comments?post=423"}],"version-history":[{"count":4,"href":"https:\/\/triplexvermelho.praxis.pro.br\/index.php\/wp-json\/wp\/v2\/pages\/423\/revisions"}],"predecessor-version":[{"id":465,"href":"https:\/\/triplexvermelho.praxis.pro.br\/index.php\/wp-json\/wp\/v2\/pages\/423\/revisions\/465"}],"wp:attachment":[{"href":"https:\/\/triplexvermelho.praxis.pro.br\/index.php\/wp-json\/wp\/v2\/media?parent=423"}],"curies":[{"name":"wp","href":"https:\/\/api.w.org\/{rel}","templated":true}]}}