{"id":33,"date":"2022-10-31T15:26:13","date_gmt":"2022-10-31T18:26:13","guid":{"rendered":"http:\/\/triplexvermelho.praxis.pro.br\/?page_id=33"},"modified":"2023-03-12T10:50:01","modified_gmt":"2023-03-12T13:50:01","slug":"sala-2","status":"publish","type":"page","link":"https:\/\/triplexvermelho.praxis.pro.br\/index.php\/sala-2\/","title":{"rendered":"Sala &#8220;Noel Rosa&#8221;"},"content":{"rendered":"<div id=\"attachment_130\" style=\"width: 310px\" class=\"wp-caption aligncenter\"><img loading=\"lazy\" decoding=\"async\" aria-describedby=\"caption-attachment-130\" class=\"wp-image-130 size-medium\" src=\"https:\/\/triplexvermelho.praxis.pro.br\/wp-content\/uploads\/2022\/12\/192c9da0-8990-4bd4-a2f2-d766823c5fd9-300x176.jpeg\" alt=\"\" width=\"300\" height=\"176\" srcset=\"https:\/\/triplexvermelho.praxis.pro.br\/wp-content\/uploads\/2022\/12\/192c9da0-8990-4bd4-a2f2-d766823c5fd9-300x176.jpeg 300w, https:\/\/triplexvermelho.praxis.pro.br\/wp-content\/uploads\/2022\/12\/192c9da0-8990-4bd4-a2f2-d766823c5fd9.jpeg 474w\" sizes=\"auto, (max-width: 300px) 100vw, 300px\" \/><p id=\"caption-attachment-130\" class=\"wp-caption-text\">Noel de Medeiros Rosa<\/p><\/div>\n<p>Noel de Medeiros Rosa (Rio de Janeiro, 1910 \u2014 Rio de Janeiro, 1937) foi um sambista, cantor, compositor, bandolinista, violonista brasileiro e um dos maiores e mais importantes artistas da m\u00fasica no Brasil.<\/p>\n<p>Teve contribui\u00e7\u00e3o fundamental na legitima\u00e7\u00e3o do samba de morro e no &#8220;asfalto&#8221;, ou seja, entre a classe m\u00e9dia e o r\u00e1dio, principal meio de comunica\u00e7\u00e3o em sua \u00e9poca &#8211; fato de grande import\u00e2ncia, n\u00e3o s\u00f3 para o samba, mas para a hist\u00f3ria da m\u00fasica popular brasileira.<\/p>\n<p>Morto prematuramente aos 26 anos por decorr\u00eancia da tuberculose, deixou um conjunto de can\u00e7\u00f5es que se tornaram cl\u00e1ssicas do cancioneiro popular brasileiro.<\/p>\n<p>Em 1934, apresentou em Vit\u00f3ria, no antigo Hotel Imperial, hoje Centro Cultural Triplex Vermelho.<\/p>\n<p>&nbsp;<\/p>\n","protected":false},"excerpt":{"rendered":"<p>Noel de Medeiros Rosa (Rio de Janeiro, 1910 \u2014 Rio de Janeiro, 1937) foi um sambista, cantor, compositor, bandolinista, violonista brasileiro e um dos maiores e mais importantes artistas da m\u00fasica no Brasil. Teve contribui\u00e7\u00e3o fundamental na legitima\u00e7\u00e3o do samba de morro e no &#8220;asfalto&#8221;, ou seja, entre a classe m\u00e9dia e o r\u00e1dio, principal <a class=\"more-link\" href=\"https:\/\/triplexvermelho.praxis.pro.br\/index.php\/sala-2\/\">Leia mais&#8230; &raquo;<\/a><\/p>\n","protected":false},"author":1,"featured_media":130,"parent":0,"menu_order":0,"comment_status":"closed","ping_status":"closed","template":"","meta":{"footnotes":""},"class_list":["post-33","page","type-page","status-publish","has-post-thumbnail","hentry"],"_links":{"self":[{"href":"https:\/\/triplexvermelho.praxis.pro.br\/index.php\/wp-json\/wp\/v2\/pages\/33","targetHints":{"allow":["GET"]}}],"collection":[{"href":"https:\/\/triplexvermelho.praxis.pro.br\/index.php\/wp-json\/wp\/v2\/pages"}],"about":[{"href":"https:\/\/triplexvermelho.praxis.pro.br\/index.php\/wp-json\/wp\/v2\/types\/page"}],"author":[{"embeddable":true,"href":"https:\/\/triplexvermelho.praxis.pro.br\/index.php\/wp-json\/wp\/v2\/users\/1"}],"replies":[{"embeddable":true,"href":"https:\/\/triplexvermelho.praxis.pro.br\/index.php\/wp-json\/wp\/v2\/comments?post=33"}],"version-history":[{"count":9,"href":"https:\/\/triplexvermelho.praxis.pro.br\/index.php\/wp-json\/wp\/v2\/pages\/33\/revisions"}],"predecessor-version":[{"id":470,"href":"https:\/\/triplexvermelho.praxis.pro.br\/index.php\/wp-json\/wp\/v2\/pages\/33\/revisions\/470"}],"wp:featuredmedia":[{"embeddable":true,"href":"https:\/\/triplexvermelho.praxis.pro.br\/index.php\/wp-json\/wp\/v2\/media\/130"}],"wp:attachment":[{"href":"https:\/\/triplexvermelho.praxis.pro.br\/index.php\/wp-json\/wp\/v2\/media?parent=33"}],"curies":[{"name":"wp","href":"https:\/\/api.w.org\/{rel}","templated":true}]}}