{"id":168,"date":"2023-01-03T08:24:23","date_gmt":"2023-01-03T11:24:23","guid":{"rendered":"https:\/\/triplexvermelho.praxis.pro.br\/?page_id=168"},"modified":"2023-03-12T10:50:51","modified_gmt":"2023-03-12T13:50:51","slug":"sala-joao-candido","status":"publish","type":"page","link":"https:\/\/triplexvermelho.praxis.pro.br\/index.php\/sala-joao-candido\/","title":{"rendered":"Sala &#8220;Jo\u00e3o C\u00e2ndido&#8221;"},"content":{"rendered":"<div id=\"attachment_169\" style=\"width: 377px\" class=\"wp-caption aligncenter\"><img loading=\"lazy\" decoding=\"async\" aria-describedby=\"caption-attachment-169\" class=\"wp-image-169 \" src=\"https:\/\/triplexvermelho.praxis.pro.br\/wp-content\/uploads\/2023\/01\/23136230-81ac-4bec-b3e1-162f7914e2c2.jpeg\" alt=\"\" width=\"367\" height=\"200\" srcset=\"https:\/\/triplexvermelho.praxis.pro.br\/wp-content\/uploads\/2023\/01\/23136230-81ac-4bec-b3e1-162f7914e2c2.jpeg 304w, https:\/\/triplexvermelho.praxis.pro.br\/wp-content\/uploads\/2023\/01\/23136230-81ac-4bec-b3e1-162f7914e2c2-300x164.jpeg 300w\" sizes=\"auto, (max-width: 367px) 100vw, 367px\" \/><p id=\"caption-attachment-169\" class=\"wp-caption-text\">Jo\u00e3o C\u00e2ndido<\/p><\/div>\n<p>Jo\u00e3o C\u00e2ndido Felisberto, tamb\u00e9m conhecido como &#8220;Almirante Negro&#8221; (Encruzilhada do Sul, 1880 \u2013 Rio de Janeiro, 1969), foi um militar brasileiro da Marinha de Guerra do Brasil e l\u00edder da Revolta da Chibata (1910).<\/p>\n<p>Em 1894, com treze anos de idade, apresentou-se na Companhia de Art\u00edfices Militares e Menores Aprendizes no Arsenal de Guerra de Porto Alegre. Depois, em 1895, conseguiu transfer\u00eancia para a Escola de Aprendizes Marinheiros de Porto Alegre, e em dezembro do mesmo ano, como grumete, para a Marinha do Brasil, na capital, a cidade do Rio de Janeiro.<br \/>\nTeve uma carreira extensa de viagens pelo Brasil e por v\u00e1rios pa\u00edses do mundo nos 15 anos que esteve na ativa da Marinha de Guerra (17 anos, se contar os 2 anos de pris\u00e3o, ap\u00f3s a Revolta). Muitas delas foram viagens de instru\u00e7\u00e3o, no come\u00e7o recebendo instru\u00e7\u00e3o, e depois dando instru\u00e7\u00e3o de procedimentos de um navio de guerra para marinheiros mais novos.<br \/>\nA partir de 1908, para acompanhar o final da constru\u00e7\u00e3o de navios de guerra encomendados pelo governo brasileiro, centenas de marinheiros foram enviados \u00e0 Reino Unido. Em 1909 Jo\u00e3o C\u00e2ndido tamb\u00e9m para l\u00e1 foi enviado, onde tomou conhecimento do movimento realizado pelos marinheiros russos em 1905 a bordo do coura\u00e7ado Kniaz Potemkin Tavricheskiy, reivindicando melhores condi\u00e7\u00f5es de trabalho e alimenta\u00e7\u00e3o.<\/p>\n<p>Tornou-se muito admirado pelos companheiros marinheiros, que o indicaram por duas vezes para representar o &#8220;Deus Netuno&#8221; na travessia sobre a linha do equador, e muito elogiado pelos oficiais, por seu bom comportamento, e pelas suas habilidades principalmente como timoneiro. Era o marinheiro mais experiente e de maior tr\u00e2nsito entre marinheiros e oficiais, a pessoa indicada para liderar a revolta, na opini\u00e3o dos demais l\u00edderes do movimento.<\/p>\n<p>Ao assumir por indica\u00e7\u00e3o dos demais l\u00edderes, em 1910, o comando geral de toda a esquadra revoltada, Jo\u00e3o C\u00e2ndido controla o motim, faz cessar as mortes, e enviou radiogramas pleiteando a aboli\u00e7\u00e3o dos castigos corporais na Marinha de Guerra brasileira. Foi designado \u00e0 \u00e9poca, pela imprensa, como Almirante Negro. Por quatro dias, os navios de guerra Minas Gerais, S\u00e3o Paulo, Bahia e Deodoro apontaram os seus canh\u00f5es para a Capital Federal. No ultimato dirigido ao presidente Hermes da Fonseca, os revoltosos declararam: \u201cN\u00f3s, marinheiros, cidad\u00e3os brasileiros e republicanos, n\u00e3o podemos mais suportar a escravid\u00e3o na Marinha brasileira\u201d.<\/p>\n<p>Em depoimento para a Anamnese do Hospital dos Alienados em abril de 1911 e para a Gazeta de Not\u00edcias de 31 de dezembro de 1912, Jo\u00e3o C\u00e2ndido afirma ter sido soldado do General Pinheiro Machado, na Revolu\u00e7\u00e3o Federalista, em 1893, portanto antes de entrar para a escola de aprendizes do Arsenal de Guerra de Porto Alegre.<\/p>\n","protected":false},"excerpt":{"rendered":"<p>Jo\u00e3o C\u00e2ndido Felisberto, tamb\u00e9m conhecido como &#8220;Almirante Negro&#8221; (Encruzilhada do Sul, 1880 \u2013 Rio de Janeiro, 1969), foi um militar brasileiro da Marinha de Guerra do Brasil e l\u00edder da Revolta da Chibata (1910). Em 1894, com treze anos de idade, apresentou-se na Companhia de Art\u00edfices Militares e Menores Aprendizes no Arsenal de Guerra de <a class=\"more-link\" href=\"https:\/\/triplexvermelho.praxis.pro.br\/index.php\/sala-joao-candido\/\">Leia mais&#8230; &raquo;<\/a><\/p>\n","protected":false},"author":1,"featured_media":169,"parent":0,"menu_order":0,"comment_status":"closed","ping_status":"closed","template":"","meta":{"footnotes":""},"class_list":["post-168","page","type-page","status-publish","has-post-thumbnail","hentry"],"_links":{"self":[{"href":"https:\/\/triplexvermelho.praxis.pro.br\/index.php\/wp-json\/wp\/v2\/pages\/168","targetHints":{"allow":["GET"]}}],"collection":[{"href":"https:\/\/triplexvermelho.praxis.pro.br\/index.php\/wp-json\/wp\/v2\/pages"}],"about":[{"href":"https:\/\/triplexvermelho.praxis.pro.br\/index.php\/wp-json\/wp\/v2\/types\/page"}],"author":[{"embeddable":true,"href":"https:\/\/triplexvermelho.praxis.pro.br\/index.php\/wp-json\/wp\/v2\/users\/1"}],"replies":[{"embeddable":true,"href":"https:\/\/triplexvermelho.praxis.pro.br\/index.php\/wp-json\/wp\/v2\/comments?post=168"}],"version-history":[{"count":5,"href":"https:\/\/triplexvermelho.praxis.pro.br\/index.php\/wp-json\/wp\/v2\/pages\/168\/revisions"}],"predecessor-version":[{"id":473,"href":"https:\/\/triplexvermelho.praxis.pro.br\/index.php\/wp-json\/wp\/v2\/pages\/168\/revisions\/473"}],"wp:featuredmedia":[{"embeddable":true,"href":"https:\/\/triplexvermelho.praxis.pro.br\/index.php\/wp-json\/wp\/v2\/media\/169"}],"wp:attachment":[{"href":"https:\/\/triplexvermelho.praxis.pro.br\/index.php\/wp-json\/wp\/v2\/media?parent=168"}],"curies":[{"name":"wp","href":"https:\/\/api.w.org\/{rel}","templated":true}]}}