{"id":159,"date":"2022-12-28T09:49:05","date_gmt":"2022-12-28T12:49:05","guid":{"rendered":"https:\/\/triplexvermelho.praxis.pro.br\/?page_id=159"},"modified":"2023-03-12T10:49:17","modified_gmt":"2023-03-12T13:49:17","slug":"sala-sergio-sampaio","status":"publish","type":"page","link":"https:\/\/triplexvermelho.praxis.pro.br\/index.php\/sala-sergio-sampaio\/","title":{"rendered":"Sala &#8220;S\u00e9rgio Sampaio&#8221;"},"content":{"rendered":"<div id=\"attachment_160\" style=\"width: 310px\" class=\"wp-caption aligncenter\"><img loading=\"lazy\" decoding=\"async\" aria-describedby=\"caption-attachment-160\" class=\"wp-image-160 size-medium\" src=\"https:\/\/triplexvermelho.praxis.pro.br\/wp-content\/uploads\/2022\/12\/66e4be7c-5dc8-42db-8997-ea7ee48edc0f-300x158.jpeg\" alt=\"\" width=\"300\" height=\"158\" srcset=\"https:\/\/triplexvermelho.praxis.pro.br\/wp-content\/uploads\/2022\/12\/66e4be7c-5dc8-42db-8997-ea7ee48edc0f-300x158.jpeg 300w, https:\/\/triplexvermelho.praxis.pro.br\/wp-content\/uploads\/2022\/12\/66e4be7c-5dc8-42db-8997-ea7ee48edc0f.jpeg 474w\" sizes=\"auto, (max-width: 300px) 100vw, 300px\" \/><p id=\"caption-attachment-160\" class=\"wp-caption-text\">S\u00e9rgio Sampaio<\/p><\/div>\n<p>S\u00e9rgio Moraes Sampaio (Cachoeiro de Itapemirim, 1947 \u2014 Rio de Janeiro, 1994), cantor e compositor, tornou-se c\u00e9lebre na m\u00fasica popular do pa\u00eds por conta de sua po\u00e9tica elaborada associada ao talento para criar composi\u00e7\u00f5es de samba, bolero, rock, blues, entre outros g\u00eaneros musicais.<\/p>\n<p>Aos 16 anos, S\u00e9rgio come\u00e7ou a trabalhar como locutor da R\u00e1dio Cachoeiro e, com a ajuda de amigos, aprendeu a tocar viol\u00e3o. Foi-se para o Rio de Janeiro, onde teve breve passagem como radialista de algumas emissoras locais, mas logo abandonou o r\u00e1dio para tentar ser m\u00fasico profissional. Depois de passar por enormes dificuldades financeiras, sua sorte come\u00e7ou a mudar em 1970 quando conheceu Raul Seixas e acabou contratado pela gravadora CBS, onde gravou seus primeiros compactos e participou \u2014 ao lado de Raul Seixas, Miriam Batucada e Edy Star \u2014 do LP Sociedade da Gr\u00e3-Ordem Kavernista apresenta Sess\u00e3o das dez.<\/p>\n<p>Sua carreira deu uma guinada ap\u00f3s concorrer com \u201cEu quero \u00e9 botar meu bloco na rua\u201d, no Festival Internacional da Can\u00e7\u00e3o do Rio de 1972. Mesmo sem ter sido uma das vencedoras, a can\u00e7\u00e3o conquistou o p\u00fablico e se tornou um cl\u00e1ssico em todo o pa\u00eds. Gra\u00e7as a essa popularidade, gravou o primeiro \u00e1lbum da carreira, lan\u00e7ado pela Philips-Phonogram no ano seguinte, embora as vendagens do LP tenham sido decepcionantes.<\/p>\n<p>Apesar de sua vasta e genial obra com mais de uma centena e meia de composi\u00e7\u00f5es, S\u00e9rgio Sampaio nunca mais conseguiu emplacar um sucesso na carreira, pois tinha um temperamento forte e cr\u00edtico com a ind\u00fastria fonogr\u00e1fica. Gravou diversos compactos, al\u00e9m dos LPs \u201cTem que acontecer\u201d, em 1976, e \u201cSinceramente\u201d, em 1982, mas amargou o ostracismo art\u00edstico, vivendo de apresenta\u00e7\u00f5es no circuito alternativo. Quando se preparava para o lan\u00e7amento de um \u00e1lbum com in\u00e9ditas, morreu aos 47 anos em decorr\u00eancia de uma pancreatite \u2014 o projeto foi conclu\u00eddo em 2006 por Zeca Baleiro e lan\u00e7ado com o nome de Cruel.<\/p>\n","protected":false},"excerpt":{"rendered":"<p>S\u00e9rgio Moraes Sampaio (Cachoeiro de Itapemirim, 1947 \u2014 Rio de Janeiro, 1994), cantor e compositor, tornou-se c\u00e9lebre na m\u00fasica popular do pa\u00eds por conta de sua po\u00e9tica elaborada associada ao talento para criar composi\u00e7\u00f5es de samba, bolero, rock, blues, entre outros g\u00eaneros musicais. Aos 16 anos, S\u00e9rgio come\u00e7ou a trabalhar como locutor da R\u00e1dio Cachoeiro <a class=\"more-link\" href=\"https:\/\/triplexvermelho.praxis.pro.br\/index.php\/sala-sergio-sampaio\/\">Leia mais&#8230; &raquo;<\/a><\/p>\n","protected":false},"author":1,"featured_media":0,"parent":0,"menu_order":0,"comment_status":"closed","ping_status":"closed","template":"","meta":{"footnotes":""},"class_list":["post-159","page","type-page","status-publish","hentry"],"_links":{"self":[{"href":"https:\/\/triplexvermelho.praxis.pro.br\/index.php\/wp-json\/wp\/v2\/pages\/159","targetHints":{"allow":["GET"]}}],"collection":[{"href":"https:\/\/triplexvermelho.praxis.pro.br\/index.php\/wp-json\/wp\/v2\/pages"}],"about":[{"href":"https:\/\/triplexvermelho.praxis.pro.br\/index.php\/wp-json\/wp\/v2\/types\/page"}],"author":[{"embeddable":true,"href":"https:\/\/triplexvermelho.praxis.pro.br\/index.php\/wp-json\/wp\/v2\/users\/1"}],"replies":[{"embeddable":true,"href":"https:\/\/triplexvermelho.praxis.pro.br\/index.php\/wp-json\/wp\/v2\/comments?post=159"}],"version-history":[{"count":4,"href":"https:\/\/triplexvermelho.praxis.pro.br\/index.php\/wp-json\/wp\/v2\/pages\/159\/revisions"}],"predecessor-version":[{"id":467,"href":"https:\/\/triplexvermelho.praxis.pro.br\/index.php\/wp-json\/wp\/v2\/pages\/159\/revisions\/467"}],"wp:attachment":[{"href":"https:\/\/triplexvermelho.praxis.pro.br\/index.php\/wp-json\/wp\/v2\/media?parent=159"}],"curies":[{"name":"wp","href":"https:\/\/api.w.org\/{rel}","templated":true}]}}