{"id":153,"date":"2022-12-27T20:39:44","date_gmt":"2022-12-27T23:39:44","guid":{"rendered":"https:\/\/triplexvermelho.praxis.pro.br\/?page_id=153"},"modified":"2023-03-12T10:51:04","modified_gmt":"2023-03-12T13:51:04","slug":"sala-hermogenes-da-fonseca","status":"publish","type":"page","link":"https:\/\/triplexvermelho.praxis.pro.br\/index.php\/sala-hermogenes-da-fonseca\/","title":{"rendered":"Sala &#8220;Herm\u00f3genes da Fonseca&#8221;"},"content":{"rendered":"<div id=\"attachment_154\" style=\"width: 310px\" class=\"wp-caption aligncenter\"><img loading=\"lazy\" decoding=\"async\" aria-describedby=\"caption-attachment-154\" class=\"wp-image-154 size-medium\" src=\"https:\/\/triplexvermelho.praxis.pro.br\/wp-content\/uploads\/2022\/12\/hermogenes-8430-521212218cadf-300x201.jpg\" alt=\"\" width=\"300\" height=\"201\" srcset=\"https:\/\/triplexvermelho.praxis.pro.br\/wp-content\/uploads\/2022\/12\/hermogenes-8430-521212218cadf-300x201.jpg 300w, https:\/\/triplexvermelho.praxis.pro.br\/wp-content\/uploads\/2022\/12\/hermogenes-8430-521212218cadf.jpg 373w\" sizes=\"auto, (max-width: 300px) 100vw, 300px\" \/><p id=\"caption-attachment-154\" class=\"wp-caption-text\">Herm\u00f3genes da Fonseca<\/p><\/div>\n<p>Herm\u00f3genes Lima da Fonseca (Concei\u00e7\u00e3o da Barra, 1916 \u2013 Vila Velha, 1996) foi contador, advogado, folclorista, jornalista e pol\u00edtico, sindicalista e representante do Partido Comunista Brasileiro (PCB), com atua\u00e7\u00e3o em n\u00edvel nacional, embora, em 1947, tenha se tornado, pelo Partido Republicano (PR), o vereador mais votado na hist\u00f3ria da C\u00e2mara Municipal de Vit\u00f3ria.<\/p>\n<p>Considerado subversivo, sofreu persegui\u00e7\u00f5es por 11 anos durante o regime militar, detido diversas vezes e conheceu a dor da tortura, al\u00e9m de contar com quase uma dezena de fichas no Departamento de Ordem Pol\u00edtica e Social (Dops).<\/p>\n<p>Mestre Armojo, como era conhecido, colaborou de forma fundamental para revelar a identidade cultural do Esp\u00edrito Santo e conscientizar os grupos folcl\u00f3ricos do Estado sobre seu valor e sua import\u00e2ncia. Nesse sentido, Herm\u00f3genes Lima da Fonseca, acompanhado de Guilherme Santos Neves e Renato Pacheco, pertencia a chamada &#8220;sant\u00edssima trindade do folclore capixaba&#8221;.<\/p>\n<p>Foi membro fundador da Comiss\u00e3o Esp\u00edrito-Santense do Folclore, membro da Academia Esp\u00edrito-Santense de Letras, do Instituto Hist\u00f3rico e Geogr\u00e1fico do Esp\u00edrito Santo (IHG-ES) e da Associa\u00e7\u00e3o de Imprensa. Como escritor e valente defensor dos direitos dos quilombolas, pol\u00edtico batalhador e coerente, foi autor de diversos livros, abordando sobretudo a cultura popular em forma de contos, cr\u00f4nicas, ensaios, poesia e cordel. Ainda, contribuindo para o resgate e a valoriza\u00e7\u00e3o do folclore com in\u00fameros textos para jornais, revistas e pe\u00e7as institucionais.<\/p>\n","protected":false},"excerpt":{"rendered":"<p>Herm\u00f3genes Lima da Fonseca (Concei\u00e7\u00e3o da Barra, 1916 \u2013 Vila Velha, 1996) foi contador, advogado, folclorista, jornalista e pol\u00edtico, sindicalista e representante do Partido Comunista Brasileiro (PCB), com atua\u00e7\u00e3o em n\u00edvel nacional, embora, em 1947, tenha se tornado, pelo Partido Republicano (PR), o vereador mais votado na hist\u00f3ria da C\u00e2mara Municipal de Vit\u00f3ria. Considerado subversivo, <a class=\"more-link\" href=\"https:\/\/triplexvermelho.praxis.pro.br\/index.php\/sala-hermogenes-da-fonseca\/\">Leia mais&#8230; &raquo;<\/a><\/p>\n","protected":false},"author":1,"featured_media":154,"parent":0,"menu_order":0,"comment_status":"closed","ping_status":"closed","template":"","meta":{"footnotes":""},"class_list":["post-153","page","type-page","status-publish","has-post-thumbnail","hentry"],"_links":{"self":[{"href":"https:\/\/triplexvermelho.praxis.pro.br\/index.php\/wp-json\/wp\/v2\/pages\/153","targetHints":{"allow":["GET"]}}],"collection":[{"href":"https:\/\/triplexvermelho.praxis.pro.br\/index.php\/wp-json\/wp\/v2\/pages"}],"about":[{"href":"https:\/\/triplexvermelho.praxis.pro.br\/index.php\/wp-json\/wp\/v2\/types\/page"}],"author":[{"embeddable":true,"href":"https:\/\/triplexvermelho.praxis.pro.br\/index.php\/wp-json\/wp\/v2\/users\/1"}],"replies":[{"embeddable":true,"href":"https:\/\/triplexvermelho.praxis.pro.br\/index.php\/wp-json\/wp\/v2\/comments?post=153"}],"version-history":[{"count":5,"href":"https:\/\/triplexvermelho.praxis.pro.br\/index.php\/wp-json\/wp\/v2\/pages\/153\/revisions"}],"predecessor-version":[{"id":474,"href":"https:\/\/triplexvermelho.praxis.pro.br\/index.php\/wp-json\/wp\/v2\/pages\/153\/revisions\/474"}],"wp:featuredmedia":[{"embeddable":true,"href":"https:\/\/triplexvermelho.praxis.pro.br\/index.php\/wp-json\/wp\/v2\/media\/154"}],"wp:attachment":[{"href":"https:\/\/triplexvermelho.praxis.pro.br\/index.php\/wp-json\/wp\/v2\/media?parent=153"}],"curies":[{"name":"wp","href":"https:\/\/api.w.org\/{rel}","templated":true}]}}